{"id":81,"date":"2025-04-04T15:27:15","date_gmt":"2025-04-04T15:27:15","guid":{"rendered":"https:\/\/inna.uhupi.com\/ru\/?page_id=81"},"modified":"2025-10-03T18:37:47","modified_gmt":"2025-10-03T18:37:47","slug":"new-home-page-santino","status":"publish","type":"page","link":"https:\/\/inna.uhupi.com\/ru\/","title":{"rendered":"New Home Page"},"content":{"rendered":"\n<p>\u00c2\u00a0<\/p>\n\n\n\n<p><strong>\u00d0\u00b0\u00d0\u00bd\u00d0\u00b0\u00d0\u00bb\u00d0\u00b8\u00d1\u201a\u00d0\u00b8\u00d1\u2021\u00d0\u00b5\u00d1\u0081\u00d0\u00ba\u00d0\u00b8<\/strong>\u00d0\u00be\u00d1\u20ac\u00d0\u00b8\u00d0\u00b5\u00d0\u00bd\u00d1\u201a\u00d0\u00b8\u00d1\u20ac\u00d0\u00be\u00d0\u00b2\u00d0\u00b0\u00d0\u00bd\u00d0\u00bd\u00d1\u2039\u00d0\u00b9 \u00d0\u00bf\u00d1\u0081\u00d0\u00b8\u00d1\u2026\u00d0\u00be\u00d0\u00bb\u00d0\u00be\u00d0\u00b3, \u00d1\u0081\u00d0\u00bf\u00d0\u00b5\u00d1\u2020\u00d0\u00b8\u00d0\u00b0\u00d0\u00bb\u00d0\u00b8\u00d1\u0081\u00d1\u201a \u00d0\u00bf\u00d0\u00be&nbsp;<strong>\u00d1\u201a\u00d0\u00b5\u00d0\u00bb\u00d0\u00b5\u00d1\u0081\u00d0\u00bd\u00d0\u00be-\u00d0\u00b4\u00d1\u2039\u00d1\u2026\u00d0\u00b0\u00d1\u201a\u00d0\u00b5\u00d0\u00bb\u00d1\u0152\u00d0\u00bd\u00d0\u00be\u00d0\u00b9<\/strong>&nbsp;\u00d0\u00b8\u00d0\u00bd\u00d1\u201a\u00d0\u00b5\u00d0\u00b3\u00d1\u20ac\u00d0\u00b0\u00d1\u2020\u00d0\u00b8\u00d0\u00b8<\/p>\n\n\n\n<figure class=\"wp-block-image size-large\"><img loading=\"lazy\" decoding=\"async\" width=\"681\" height=\"1024\" src=\"https:\/\/inna.uhupi.com\/ru\/wp-content\/uploads\/2\/2023\/03\/1630006749196-681x1024.jpeg\" alt=\"\" class=\"wp-image-7\" srcset=\"https:\/\/inna.uhupi.com\/ru\/wp-content\/uploads\/2\/2023\/03\/1630006749196-681x1024.jpeg 681w, https:\/\/inna.uhupi.com\/ru\/wp-content\/uploads\/2\/2023\/03\/1630006749196-199x300.jpeg 199w, https:\/\/inna.uhupi.com\/ru\/wp-content\/uploads\/2\/2023\/03\/1630006749196-768x1155.jpeg 768w, https:\/\/inna.uhupi.com\/ru\/wp-content\/uploads\/2\/2023\/03\/1630006749196-1021x1536.jpeg 1021w, https:\/\/inna.uhupi.com\/ru\/wp-content\/uploads\/2\/2023\/03\/1630006749196-1362x2048.jpeg 1362w, https:\/\/inna.uhupi.com\/ru\/wp-content\/uploads\/2\/2023\/03\/1630006749196-scaled.jpeg 1702w\" sizes=\"auto, (max-width: 681px) 100vw, 681px\" \/><figcaption class=\"wp-element-caption\">\u00d0\u00a1\u00d1\u201e\u00d0\u00b5\u00d1\u20ac\u00d0\u00b0 \u00d0\u00bc\u00d0\u00be\u00d0\u00b8\u00d1\u2026\u00c2\u00a0\u00d0\u00bf\u00d1\u20ac\u00d0\u00be\u00d1\u201e\u00d0\u00b5\u00d1\u0081\u00d1\u0081\u00d0\u00b8\u00d0\u00be\u00d0\u00bd\u00d0\u00b0\u00d0\u00bb\u00d1\u0152\u00d0\u00bd\u00d1\u2039\u00d1\u2026\u00d0\u00b8\u00d0\u00bd\u00d1\u201a\u00d0\u00b5\u00d1\u20ac\u00d0\u00b5\u00d1\u0081\u00d0\u00be\u00d0\u00b2\u00c2\u00a0<br>\u00d0\u2018\u00d0\u00bb\u00d0\u00b8\u00d0\u00b6\u00d0\u00b5 \u00d0\u00b2\u00d1\u0081\u00d0\u00b5\u00d0\u00b3\u00d0\u00be \u00d0\u00bc\u00d0\u00bd\u00d0\u00b5 \u00d0\u00bb\u00d0\u00be\u00d0\u00b6\u00d0\u00b8\u00d1\u201a\u00d1\u0081\u00d1\u008f \u00d0\u00be\u00d0\u00bf\u00d1\u2039\u00d1\u201a \u00d0\u00b8 \u00d1\u201e\u00d0\u00b8\u00d0\u00bb\u00d0\u00be\u00d1\u0081\u00d0\u00be\u00d1\u201e\u00d0\u00b8\u00d1\u008f \u00d1\u017d\u00d0\u00bd\u00d0\u00b3\u00d0\u00b8\u00d0\u00b0\u00d0\u00bd\u00d1\u0081\u00d0\u00ba\u00d0\u00be\u00d0\u00b3\u00d0\u00be \u00d0\u00b0\u00d0\u00bd\u00d0\u00b0\u00d0\u00bb\u00d0\u00b8\u00d0\u00b7\u00d0\u00b0. \u00d0\u0153\u00d0\u00bd\u00d0\u00be\u00d0\u00b3\u00d0\u00be \u00d0\u00bb\u00d0\u00b5\u00d1\u201a \u00d1\u008f \u00d0\u00b8\u00d0\u00b7\u00d1\u0192\u00d1\u2021\u00d0\u00b0\u00d1\u017d \u00d0\u00b0\u00d0\u00ba\u00d1\u201a\u00d0\u00b8\u00d0\u00b2\u00d0\u00bd\u00d0\u00be\u00d0\u00b5 \u00d0\u00b2\u00d0\u00be\u00d0\u00be\u00d0\u00b1\u00d1\u20ac\u00d0\u00b0\u00d0\u00b6\u00d0\u00b5\u00d0\u00bd\u00d0\u00b8\u00d0\u00b5 \u00d0\u00b8 \u00d0\u00b2\u00d0\u00be\u00d0\u00b7\u00d0\u00bc\u00d0\u00be\u00d0\u00b6\u00d0\u00bd\u00d0\u00be\u00d1\u0081\u00d1\u201a\u00d0\u00b8 \u00d1\u201a\u00d1\u20ac\u00d0\u00b0\u00d0\u00bd\u00d1\u0081\u00d1\u201e\u00d0\u00be\u00d1\u20ac\u00d0\u00bc\u00d0\u00b0\u00d1\u2020\u00d0\u00b8\u00d0\u00b8 \u00d0\u00bb\u00d0\u00b8\u00d1\u2021\u00d0\u00bd\u00d0\u00be\u00d1\u0081\u00d1\u201a\u00d0\u00b8 \u00d1\u2021\u00d0\u00b5\u00d1\u20ac\u00d0\u00b5\u00d0\u00b7 \u00d1\u20ac\u00d0\u00b0\u00d0\u00b1\u00d0\u00be\u00d1\u201a\u00d1\u0192 \u00d1\u0081 \u00d0\u00be\u00d0\u00b1\u00d1\u20ac\u00d0\u00b0\u00d0\u00b7\u00d0\u00be\u00d0\u00bc \u00d0\u00b8 \u00d1\u0081\u00d0\u00b8\u00d0\u00bc\u00d0\u00b2\u00d0\u00be\u00d0\u00bb\u00d0\u00be\u00d0\u00bc. \u00d0\u2019\u00d1\u201a\u00d0\u00be\u00d1\u20ac\u00d0\u00be\u00d0\u00b9 \u00d1\u201e\u00d1\u0192\u00d0\u00bd\u00d0\u00b4\u00d0\u00b0\u00d0\u00bc\u00d0\u00b5\u00d0\u00bd\u00d1\u201a\u00d0\u00b0\u00d0\u00bb\u00d1\u0152\u00d0\u00bd\u00d0\u00be\u00d0\u00b9 \u00d0\u00be\u00d0\u00bf\u00d0\u00be\u00d1\u20ac\u00d0\u00be\u00d0\u00b9 \u00d0\u00b2 \u00d0\u00bc\u00d0\u00be\u00d0\u00b5\u00d0\u00b9 \u00d1\u20ac\u00d0\u00b0\u00d0\u00b1\u00d0\u00be\u00d1\u201a\u00d0\u00b5 \u00d1\u008f\u00d0\u00b2\u00d0\u00bb\u00d1\u008f\u00d0\u00b5\u00d1\u201a\u00d1\u0081\u00d1\u008f\u00c2\u00a0\u00d1\u201a\u00d0\u00b5\u00d0\u00bb\u00d0\u00b5\u00d1\u0081\u00d0\u00bd\u00d0\u00b0\u00d1\u008f \u00d1\u201a\u00d0\u00b5\u00d1\u20ac\u00d0\u00b0\u00d0\u00bf\u00d0\u00b8\u00d1\u008f, \u00d0\u00ba\u00d0\u00be\u00d1\u201a\u00d0\u00be\u00d1\u20ac\u00d0\u00b0\u00d1\u008f \u00d0\u00bf\u00d0\u00be\u00d0\u00bc\u00d0\u00be\u00d0\u00b3\u00d0\u00b0\u00d0\u00b5\u00d1\u201a \u00d1\u2021\u00d0\u00b5\u00d0\u00bb\u00d0\u00be\u00d0\u00b2\u00d0\u00b5\u00d0\u00ba\u00d1\u0192 \u00d1\u0192\u00d1\u2021\u00d0\u00b8\u00d1\u201a\u00d1\u0152\u00d1\u0081\u00d1\u008f \u00d0\u00bf\u00d1\u20ac\u00d0\u00be\u00d0\u00b6\u00d0\u00b8\u00d0\u00b2\u00d0\u00b0\u00d1\u201a\u00d1\u0152 \u00d1\u0081\u00d0\u00b8\u00d0\u00bb\u00d1\u0152\u00d0\u00bd\u00d1\u2039\u00d0\u00b5 \u00d1\u2021\u00d1\u0192\u00d0\u00b2\u00d1\u0081\u00d1\u201a\u00d0\u00b2\u00d0\u00b0 \u00d0\u00b8 \u00d0\u00b7\u00d0\u00b0\u00d0\u00bd\u00d0\u00be\u00d0\u00b2\u00d0\u00be \u00d0\u00b2\u00d1\u2039\u00d1\u0081\u00d1\u201a\u00d1\u20ac\u00d0\u00b0\u00d0\u00b8\u00d0\u00b2\u00d0\u00b0\u00d1\u201a\u00d1\u0152 \u00d0\u00ba\u00d0\u00be\u00d0\u00bd\u00d1\u201a\u00d0\u00b0\u00d0\u00ba\u00d1\u201a \u00d1\u0081 \u00d1\u0081\u00d0\u00be\u00d0\u00b1\u00d0\u00be\u00d0\u00b9 \u00d1\u2020\u00d0\u00b5\u00d0\u00bb\u00d0\u00be\u00d1\u0081\u00d1\u201a\u00d0\u00bd\u00d1\u2039\u00d0\u00bc. \u00d0\u2019 \u00d1\u008d\u00d1\u201a\u00d0\u00be\u00d0\u00bc \u00d1\u008f \u00d0\u00b8\u00d1\u0081\u00d0\u00bf\u00d0\u00be\u00d0\u00bb\u00d1\u0152\u00d0\u00b7\u00d1\u0192\u00d1\u017d \u00d0\u00b4\u00d1\u2039\u00d1\u2026\u00d0\u00b0\u00d1\u201a\u00d0\u00b5\u00d0\u00bb\u00d1\u0152\u00d0\u00bd\u00d1\u2039\u00d0\u00b5 \u00d1\u201a\u00d0\u00b5\u00d1\u2026\u00d0\u00bd\u00d0\u00b8\u00d0\u00ba\u00d0\u00b8 \u00d0\u00a0\u00d0\u00b5\u00d0\u00b1\u00d0\u00b5\u00d1\u201e\u00d0\u00b8\u00d0\u00bd\u00d0\u00b3, \u00d0\u2018\u00d0\u00be\u00d0\u00b4\u00d0\u00b8\u00d0\u00bd\u00d0\u00b0\u00d0\u00bc\u00d0\u00b8\u00d0\u00ba\u00d1\u0192, \u00d0\u00a5\u00d0\u00b0\u00d0\u00ba\u00d0\u00be\u00d0\u00bc\u00d0\u00b8, \u00d1\u201a\u00d0\u00b0\u00d0\u00b9\u00d1\u0081\u00d0\u00ba\u00d0\u00b8\u00d0\u00b9 \u00d0\u00bc\u00d0\u00b0\u00d1\u0081\u00d1\u0081\u00d0\u00b0\u00d0\u00b6. \u00d0\u0153\u00d0\u00bd\u00d0\u00b5 \u00d1\u201a\u00d0\u00b0\u00d0\u00ba \u00d0\u00b6\u00d0\u00b5 \u00d0\u00b1\u00d0\u00bb\u00d0\u00b8\u00d0\u00b7\u00d0\u00ba\u00d0\u00b0 \u00d0\u00b2\u00d0\u00be\u00d1\u0081\u00d1\u201a\u00d0\u00be\u00d1\u2021\u00d0\u00bd\u00d0\u00b0\u00d1\u008f \u00d1\u201e\u00d0\u00b8\u00d0\u00bb\u00d0\u00be\u00d1\u0081\u00d0\u00be\u00d1\u201e\u00d0\u00b8\u00d1\u008f \u00d0\u00b8 \u00d0\u00b9\u00d0\u00be\u00d0\u00b3\u00d0\u00b0.<\/figcaption><\/figure>\n\n\n\n<p><\/p>\n\n\n\n<ul class=\"wp-block-list\">\n<li>\u00d0\u00a0\u00d0\u00b0\u00d0\u00b1\u00d0\u00be\u00d1\u201a\u00d0\u00b0 \u00d1\u0081 \u00d1\u201a\u00d1\u20ac\u00d0\u00b0\u00d0\u00b2\u00d0\u00bc\u00d0\u00be\u00d0\u00b9&nbsp;<\/li>\n\n\n\n<li>\u00d0\u02dc\u00d0\u00bd\u00d1\u201a\u00d0\u00b5\u00d0\u00b3\u00d1\u20ac\u00d0\u00b0\u00d1\u2020\u00d0\u00b8\u00d1\u008f 3-\u00d1\u2026 \u00d0\u00b0\u00d1\u0081\u00d0\u00bf\u00d0\u00b5\u00d0\u00ba\u00d1\u201a\u00d0\u00be\u00d0\u00b2: \u00d1\u201a\u00d0\u00b5\u00d0\u00bb\u00d0\u00be, \u00d1\u2021\u00d1\u0192\u00d0\u00b2\u00d1\u0081\u00d1\u201a\u00d0\u00b2\u00d0\u00b0, \u00d1\u20ac\u00d0\u00b0\u00d0\u00b7\u00d1\u0192\u00d0\u00bc.&nbsp;<\/li>\n\n\n\n<li>\u00d0\u02dc\u00d0\u00b7\u00d1\u0192\u00d1\u2021\u00d0\u00b5\u00d0\u00bd\u00d0\u00b8\u00d0\u00b5 \u00d0\u00bc\u00d1\u0192\u00d0\u00b6\u00d1\u0081\u00d0\u00ba\u00d0\u00be\u00d0\u00b3\u00d0\u00be \u00d0\u00b8 \u00d0\u00b6\u00d0\u00b5\u00d0\u00bd\u00d1\u0081\u00d0\u00ba\u00d0\u00be\u00d0\u00b3\u00d0\u00be \u00d0\u00b0\u00d1\u0081\u00d0\u00bf\u00d0\u00b5\u00d0\u00ba\u00d1\u201a\u00d0\u00b0 \u00d1\u2021\u00d0\u00b5\u00d0\u00bb\u00d0\u00be\u00d0\u00b2\u00d0\u00b5\u00d1\u2021\u00d0\u00b5\u00d1\u0081\u00d0\u00ba\u00d0\u00be\u00d0\u00b9 \u00d0\u00bf\u00d1\u0081\u00d0\u00b8\u00d1\u2026\u00d0\u00b8\u00d0\u00ba\u00d0\u00b8&nbsp;<\/li>\n\n\n\n<li>\u00d0\u00a4\u00d0\u00be\u00d1\u20ac\u00d0\u00bc\u00d0\u00b8\u00d1\u20ac\u00d0\u00be\u00d0\u00b2\u00d0\u00b0\u00d0\u00bd\u00d0\u00b8\u00d0\u00b5 \u00d0\u00b8\u00d0\u00bd\u00d1\u0081\u00d1\u201a\u00d1\u20ac\u00d1\u0192\u00d0\u00bc\u00d0\u00b5\u00d0\u00bd\u00d1\u201a\u00d0\u00be\u00d0\u00b2 \u00d0\u00bf\u00d1\u0081\u00d0\u00b8\u00d1\u2026\u00d0\u00be\u00d0\u00bb\u00d0\u00be\u00d0\u00b3\u00d0\u00b8\u00d1\u2021\u00d0\u00b5\u00d1\u0081\u00d0\u00ba\u00d0\u00be\u00d0\u00b9 \u00d1\u0081\u00d0\u00b0\u00d0\u00bc\u00d0\u00be\u00d0\u00bf\u00d0\u00be\u00d0\u00bc\u00d0\u00be\u00d1\u2030\u00d0\u00b8&nbsp;<\/li>\n\n\n\n<li>\u00d0\u02dc\u00d0\u00b7\u00d1\u0192\u00d1\u2021\u00d0\u00b5\u00d0\u00bd\u00d0\u00b8\u00d0\u00b5 \u00d0\u00b2\u00d0\u00be\u00d0\u00b7\u00d0\u00bc\u00d0\u00be\u00d0\u00b6\u00d0\u00bd\u00d0\u00be\u00d1\u0081\u00d1\u201a\u00d0\u00b5\u00d0\u00b9 \u00d0\u00bf\u00d1\u0081\u00d0\u00b8\u00d1\u2026\u00d0\u00be\u00d0\u00b4\u00d0\u00b5\u00d0\u00bb\u00d0\u00b8\u00d1\u2021\u00d0\u00b5\u00d1\u0081\u00d0\u00ba\u00d0\u00be\u00d0\u00b9 \u00d1\u201a\u00d0\u00b5\u00d1\u20ac\u00d0\u00b0\u00d0\u00bf\u00d0\u00b8\u00d0\u00b8 \u00d0\u00b2 \u00d0\u00bf\u00d0\u00be\u00d0\u00bc\u00d0\u00be\u00d1\u2030\u00d0\u00b8 \u00d0\u00bf\u00d1\u20ac\u00d0\u00b8 \u00d0\u0178\u00d0\u00a2\u00d0\u00a1\u00d0\u00a0 \u00d0\u00b8 \u00d0\u201d\u00d0\u00b5\u00d0\u00bf\u00d1\u20ac\u00d0\u00b5\u00d1\u0081\u00d1\u0081\u00d0\u00b8\u00d0\u00b8<\/li>\n<\/ul>\n\n\n\n<figure class=\"wp-block-image size-large\"><img loading=\"lazy\" decoding=\"async\" width=\"957\" height=\"1024\" src=\"https:\/\/inna.uhupi.com\/ru\/wp-content\/uploads\/2\/2023\/03\/IMG_7689-957x1024.jpg\" alt=\"\" class=\"wp-image-13\" srcset=\"https:\/\/inna.uhupi.com\/ru\/wp-content\/uploads\/2\/2023\/03\/IMG_7689-957x1024.jpg 957w, https:\/\/inna.uhupi.com\/ru\/wp-content\/uploads\/2\/2023\/03\/IMG_7689-280x300.jpg 280w, https:\/\/inna.uhupi.com\/ru\/wp-content\/uploads\/2\/2023\/03\/IMG_7689-768x822.jpg 768w, https:\/\/inna.uhupi.com\/ru\/wp-content\/uploads\/2\/2023\/03\/IMG_7689-1436x1536.jpg 1436w, https:\/\/inna.uhupi.com\/ru\/wp-content\/uploads\/2\/2023\/03\/IMG_7689-1914x2048.jpg 1914w\" sizes=\"auto, (max-width: 767px) 89vw, (max-width: 1000px) 54vw, (max-width: 1071px) 543px, 580px\" \/><figcaption class=\"wp-element-caption\">\u00d0\u0153\u00d0\u00be\u00d0\u00b8\u00c2\u00a0\u00d1\u0081\u00d0\u00b8\u00d0\u00bb\u00d1\u0152\u00d0\u00bd\u00d1\u2039\u00d0\u00b5 \u00d1\u0081\u00d1\u201a\u00d0\u00be\u00d1\u20ac\u00d0\u00be\u00d0\u00bd\u00d1\u2039<br>\u00d0\u00ba\u00d0\u00b0\u00d0\u00ba \u00d1\u0081\u00d0\u00bf\u00d0\u00b5\u00d1\u2020\u00d0\u00b8\u00d0\u00b0\u00d0\u00bb\u00d0\u00b8\u00d1\u0081\u00d1\u201a\u00d0\u00b0<\/figcaption><\/figure>\n\n\n\n<ul class=\"wp-block-list\">\n<li>\u00d0\u2019\u00d1\u2039\u00d1\u0081\u00d0\u00be\u00d0\u00ba\u00d0\u00b8\u00d0\u00b9 \u00d1\u0192\u00d1\u20ac\u00d0\u00be\u00d0\u00b2\u00d0\u00b5\u00d0\u00bd\u00d1\u0152\u00c2\u00a0\u00d0\u00bf\u00d1\u20ac\u00d0\u00b8\u00d0\u00bd\u00d1\u008f\u00d1\u201a\u00d0\u00b8\u00d1\u008f\u00d0\u00b8\u00c2\u00a0\u00d1\u008d\u00d0\u00bc\u00d0\u00bf\u00d0\u00b0\u00d1\u201a\u00d0\u00b8\u00d0\u00b8<\/li>\n\n\n\n<li>\u00d0\u017e\u00d0\u00bf\u00d1\u2039\u00d1\u201a \u00d0\u00bb\u00d0\u00b8\u00d1\u2021\u00d0\u00bd\u00d0\u00be\u00d0\u00b9 \u00d1\u201a\u00d0\u00b5\u00d1\u20ac\u00d0\u00b0\u00d0\u00bf\u00d0\u00b8\u00d0\u00b8 \u00d0\u00b1\u00d0\u00be\u00d0\u00bb\u00d0\u00b5\u00d0\u00b5\u00c2\u00a010 \u00d0\u00bb\u00d0\u00b5\u00d1\u201a. \u00d0\u0178\u00d1\u0081\u00d0\u00b8\u00d1\u2026\u00d0\u00be\u00d0\u00bb\u00d0\u00be\u00d0\u00b3\u00d0\u00b8\u00d1\u2021\u00d0\u00b5\u00d1\u0081\u00d0\u00ba\u00d0\u00be\u00d0\u00b9 \u00d0\u00bf\u00d1\u20ac\u00d0\u00b0\u00d0\u00ba\u00d1\u201a\u00d0\u00b8\u00d0\u00ba\u00d0\u00b8 \u00e2\u20ac\u201d\u00c2\u00a07 \u00d0\u00bb\u00d0\u00b5\u00d1\u201a<\/li>\n\n\n\n<li>\u00d0\u2014\u00d0\u00b0\u00d0\u00b8\u00d0\u00bd\u00d1\u201a\u00d0\u00b5\u00d1\u20ac\u00d0\u00b5\u00d1\u0081\u00d0\u00be\u00d0\u00b2\u00d0\u00b0\u00d0\u00bd\u00d0\u00bd\u00d0\u00be\u00d1\u0081\u00d1\u201a\u00d1\u0152 \u00d0\u00b2 \u00d0\u00b8\u00d0\u00b7\u00d1\u0192\u00d1\u2021\u00d0\u00b5\u00d0\u00bd\u00d0\u00b8\u00d0\u00b8 \u00d0\u2019\u00d0\u00b0\u00d1\u02c6\u00d0\u00b5\u00d0\u00b9\u00c2\u00a0\u00d1\u0081\u00d0\u00b8\u00d1\u201a\u00d1\u0192\u00d0\u00b0\u00d1\u2020\u00d0\u00b8\u00d0\u00b8 \u00d0\u00b8 \u00d0\u00bf\u00d1\u0081\u00d0\u00b8\u00d1\u2026\u00d0\u00b8\u00d0\u00ba\u00d0\u00b8\u00c2\u00a0\u00d0\u00b2 \u00d1\u2020\u00d0\u00b5\u00d0\u00bb\u00d0\u00be\u00d0\u00bc<\/li>\n\n\n\n<li>\u00d0\u00a0\u00d0\u00b0\u00d0\u00b7\u00d0\u00bd\u00d0\u00be\u00d0\u00be\u00d0\u00b1\u00d1\u20ac\u00d0\u00b0\u00d0\u00b7\u00d0\u00b8\u00d0\u00b5 \u00d1\u201a\u00d0\u00b5\u00d1\u20ac\u00d0\u00b0\u00d0\u00bf\u00d0\u00b5\u00d0\u00b2\u00d1\u201a\u00d0\u00b8\u00d1\u2021\u00d0\u00b5\u00d1\u0081\u00d0\u00ba\u00d0\u00b8\u00d1\u2026\u00c2\u00a0\u00d1\u201a\u00d0\u00b5\u00d1\u2026\u00d0\u00bd\u00d0\u00b8\u00d0\u00ba<\/li>\n\n\n\n<li>\u00d0\u017e\u00d0\u00bf\u00d0\u00be\u00d1\u20ac\u00d0\u00b0 \u00d0\u00bd\u00d0\u00b0 \u00d1\u0081\u00d0\u00b0\u00d0\u00bd\u00d0\u00be\u00d0\u00b3\u00d0\u00b5\u00d0\u00bd\u00d0\u00bd\u00d1\u2039\u00d0\u00b9\u00c2\u00a0\u00d0\u00bf\u00d0\u00be\u00d1\u201a\u00d0\u00b5\u00d0\u00bd\u00d1\u2020\u00d0\u00b8\u00d0\u00b0\u00d0\u00bb\u00c2\u00a0\u00d0\u00bf\u00d1\u0081\u00d0\u00b8\u00d1\u2026\u00d0\u00b8\u00d0\u00ba\u00d0\u00b8<\/li>\n\n\n\n<li>\u00d0\u00a5\u00d0\u00be\u00d0\u00bb\u00d0\u00b8\u00d1\u0081\u00d1\u201a\u00d0\u00b8\u00d1\u2021\u00d0\u00b5\u00d1\u0081\u00d0\u00ba\u00d0\u00b8\u00d0\u00b9\u00c2\u00a0\u00d0\u00bf\u00d0\u00be\u00d0\u00b4\u00d1\u2026\u00d0\u00be\u00d0\u00b4 \u00d0\u00b2 \u00d1\u20ac\u00d0\u00b0\u00d0\u00b1\u00d0\u00be\u00d1\u201a\u00d0\u00b5 \u00d1\u0081 \u00d1\u2021\u00d0\u00b5\u00d0\u00bb\u00d0\u00be\u00d0\u00b2\u00d0\u00b5\u00d0\u00ba\u00d0\u00be\u00d0\u00bc<\/li>\n\n\n\n<li><\/li>\n<\/ul>\n\n\n\n<p><\/p>\n\n\n\n<figure class=\"wp-block-image size-full\"><img loading=\"lazy\" decoding=\"async\" width=\"610\" height=\"864\" src=\"https:\/\/inna.uhupi.com\/ru\/wp-content\/uploads\/2\/2023\/03\/101-e1637428434264.jpeg\" alt=\"\" class=\"wp-image-28\" srcset=\"https:\/\/inna.uhupi.com\/ru\/wp-content\/uploads\/2\/2023\/03\/101-e1637428434264.jpeg 610w, https:\/\/inna.uhupi.com\/ru\/wp-content\/uploads\/2\/2023\/03\/101-e1637428434264-212x300.jpeg 212w\" sizes=\"auto, (max-width: 610px) 100vw, 610px\" \/><figcaption class=\"wp-element-caption\">\u00d0\u2018\u00d0\u00b0\u00d0\u00b7\u00d0\u00be\u00d0\u00b2\u00d0\u00be\u00d0\u00b5 \u00d0\u00be\u00d0\u00b1\u00d1\u20ac\u00d0\u00b0\u00d0\u00b7\u00d0\u00be\u00d0\u00b2\u00d0\u00b0\u00d0\u00bd\u00d0\u00b8\u00d0\u00b5 \u00d0\u00bf\u00d0\u00be\u00d0\u00bb\u00d1\u0192\u00d1\u2021\u00d0\u00b8\u00d0\u00bb\u00d0\u00b0 \u00d0\u00b2 \u00d1\u0192\u00d0\u00bd\u00d0\u00b8\u00d0\u00b2\u00d0\u00b5\u00d1\u20ac\u00d1\u0081\u00d0\u00b8\u00d1\u201a\u00d0\u00b5\u00d1\u201a\u00d0\u00b5 \u00d0\u00b8\u00d0\u00bc. \u00d0\u0090. \u00d0\u00a1. \u00d0\u0153\u00d0\u00b0\u00d0\u00ba\u00d0\u00b0\u00d1\u20ac\u00d0\u00b5\u00d0\u00bd\u00d0\u00ba\u00d0\u00b0 \u00d0\u00bf\u00d0\u00be \u00d1\u0081\u00d0\u00bf\u00d0\u00b5\u00d1\u2020\u00d0\u00b8\u00d0\u00b0\u00d0\u00bb\u00d1\u0152\u00d0\u00bd\u00d0\u00be\u00d1\u0081\u00d1\u201a\u00d0\u00b8 &#171;\u00d0\u0178\u00d1\u20ac\u00d0\u00b0\u00d0\u00ba\u00d1\u201a\u00d0\u00b8\u00d1\u2021\u00d0\u00b5\u00d1\u0081\u00d0\u00ba\u00d0\u00b8\u00d0\u00b9 \u00d0\u00bf\u00d1\u0081\u00d0\u00b8\u00d1\u2026\u00d0\u00be\u00d0\u00bb\u00d0\u00be\u00d0\u00b3&#187;. \u00d0\u2022\u00d0\u00b6\u00d0\u00b5\u00d0\u00b3\u00d0\u00be\u00d0\u00b4\u00d0\u00bd\u00d0\u00be \u00d0\u00bf\u00d1\u20ac\u00d0\u00be\u00d1\u2026\u00d0\u00be\u00d0\u00b6\u00d1\u0192 \u00d0\u00ba\u00d1\u0192\u00d1\u20ac\u00d1\u0081\u00d1\u2039 \u00d0\u00bf\u00d0\u00be\u00d0\u00b2\u00d1\u2039\u00d1\u02c6\u00d0\u00b5\u00d0\u00bd\u00d0\u00b8\u00d1\u008f \u00d0\u00ba\u00d0\u00b2\u00d0\u00b0\u00d0\u00bb\u00d0\u00b8\u00d1\u201e\u00d0\u00b8\u00d0\u00ba\u00d0\u00b0\u00d1\u2020\u00d0\u00b8\u00d0\u00b8 \u00d0\u00b2 \u00d1\u201a\u00d0\u00b5\u00d0\u00bb\u00d0\u00b5\u00d1\u0081\u00d0\u00bd\u00d0\u00be\u00d0\u00be\u00d1\u20ac\u00d0\u00b8\u00d0\u00b5\u00d0\u00bd\u00d1\u201a\u00d0\u00b8\u00d1\u20ac\u00d0\u00be\u00d0\u00b2\u00d0\u00b0\u00d0\u00bd\u00d0\u00bd\u00d0\u00be\u00d0\u00bc \u00d0\u00b8 \u00d0\u00b0\u00d0\u00bd\u00d0\u00b0\u00d0\u00bb\u00d0\u00b8\u00d1\u201a\u00d0\u00b8\u00d1\u2021\u00d0\u00b5\u00d1\u0081\u00d0\u00ba\u00d0\u00be\u00d0\u00bc \u00d0\u00bf\u00d0\u00be\u00d0\u00b4\u00d1\u2026\u00d0\u00be\u00d0\u00b4\u00d0\u00b0\u00d1\u2026. \u00d0\u00a3\u00d1\u2021\u00d1\u0192\u00d1\u0081\u00d1\u0152 \u00d0\u00b2 \u00d0\u2019\u00d0\u00be\u00d1\u0081\u00d1\u201a\u00d0\u00be\u00d1\u2021\u00d0\u00bd\u00d0\u00be-\u00d0\u2022\u00d0\u00b2\u00d1\u20ac\u00d0\u00be\u00d0\u00bf\u00d0\u00b5\u00d0\u00b9\u00d1\u0081\u00d0\u00ba\u00d0\u00be\u00d0\u00bc \u00d0\u00b8\u00d0\u00bd\u00d1\u0081\u00d1\u201a\u00d0\u00b8\u00d1\u201a\u00d1\u0192\u00d1\u201a\u00d0\u00b5 \u00d0\u00bf\u00d1\u0081\u00d0\u00b8\u00d1\u2026\u00d0\u00be\u00d0\u00b0\u00d0\u00bd\u00d0\u00b0\u00d0\u00bb\u00d0\u00b8\u00d0\u00b7\u00d0\u00b0. \u00d0\u00a2\u00d0\u00b0\u00d0\u00ba \u00d0\u00b6\u00d0\u00b5 \u00d0\u00b8\u00d0\u00b7\u00d1\u0192\u00d1\u2021\u00d0\u00b0\u00d1\u017d \u00d0\u00b2\u00d0\u00be\u00d0\u00b7\u00d0\u00bc\u00d0\u00be\u00d0\u00b6\u00d0\u00bd\u00d0\u00be\u00d1\u0081\u00d1\u201a\u00d0\u00b8 \u00d0\u00bf\u00d1\u20ac\u00d0\u00b8\u00d0\u00bc\u00d0\u00b5\u00d0\u00bd\u00d0\u00b5\u00d0\u00bd\u00d0\u00b8\u00d1\u008f \u00d0\u00bf\u00d1\u0081\u00d0\u00b8\u00d1\u2026\u00d0\u00be\u00d0\u00b4\u00d0\u00b5\u00d0\u00bb\u00d0\u00b8\u00d1\u2021\u00d0\u00b5\u00d1\u0081\u00d0\u00ba\u00d0\u00be\u00d0\u00b9 \u00d1\u201a\u00d0\u00b5\u00d1\u20ac\u00d0\u00b0\u00d0\u00bf\u00d0\u00b8\u00d0\u00b8. \u00d0\u00a7\u00d0\u00bb\u00d0\u00b5\u00d0\u00bd MIND Foundation. \u00d0\u00a3\u00d1\u2021\u00d0\u00b0\u00d1\u0081\u00d1\u201a\u00d0\u00b2\u00d1\u0192\u00d1\u017d \u00d0\u00b2 \u00d0\u00bd\u00d0\u00b0\u00d1\u0192\u00d1\u2021\u00d0\u00bd\u00d0\u00be-\u00d0\u00bf\u00d1\u20ac\u00d0\u00b0\u00d0\u00ba\u00d1\u201a\u00d0\u00b8\u00d1\u2021\u00d0\u00b5\u00d1\u0081\u00d0\u00ba\u00d0\u00b8\u00d1\u2026 \u00d0\u00ba\u00d0\u00be\u00d0\u00bd\u00d1\u201e\u00d0\u00b5\u00d1\u20ac\u00d0\u00b5\u00d0\u00bd\u00d1\u2020\u00d0\u00b8\u00d1\u008f\u00d1\u2026.\u00c2\u00a0<br><br><\/figcaption><\/figure>\n","protected":false},"excerpt":{"rendered":"<p>\u00c2\u00a0 \u00d0\u00b0\u00d0\u00bd\u00d0\u00b0\u00d0\u00bb\u00d0\u00b8\u00d1\u201a\u00d0\u00b8\u00d1\u2021\u00d0\u00b5\u00d1\u0081\u00d0\u00ba\u00d0\u00b8\u00d0\u00be\u00d1\u20ac\u00d0\u00b8\u00d0\u00b5\u00d0\u00bd\u00d1\u201a\u00d0\u00b8\u00d1\u20ac\u00d0\u00be\u00d0\u00b2\u00d0\u00b0\u00d0\u00bd\u00d0\u00bd\u00d1\u2039\u00d0\u00b9 \u00d0\u00bf\u00d1\u0081\u00d0\u00b8\u00d1\u2026\u00d0\u00be\u00d0\u00bb\u00d0\u00be\u00d0\u00b3, \u00d1\u0081\u00d0\u00bf\u00d0\u00b5\u00d1\u2020\u00d0\u00b8\u00d0\u00b0\u00d0\u00bb\u00d0\u00b8\u00d1\u0081\u00d1\u201a \u00d0\u00bf\u00d0\u00be&nbsp;\u00d1\u201a\u00d0\u00b5\u00d0\u00bb\u00d0\u00b5\u00d1\u0081\u00d0\u00bd\u00d0\u00be-\u00d0\u00b4\u00d1\u2039\u00d1\u2026\u00d0\u00b0\u00d1\u201a\u00d0\u00b5\u00d0\u00bb\u00d1\u0152\u00d0\u00bd\u00d0\u00be\u00d0\u00b9&nbsp;\u00d0\u00b8\u00d0\u00bd\u00d1\u201a\u00d0\u00b5\u00d0\u00b3\u00d1\u20ac\u00d0\u00b0\u00d1\u2020\u00d0\u00b8\u00d0\u00b8<\/p>\n","protected":false},"author":1,"featured_media":0,"parent":0,"menu_order":0,"comment_status":"closed","ping_status":"closed","template":"","meta":{"footnotes":""},"class_list":["post-81","page","type-page","status-publish","hentry"],"_links":{"self":[{"href":"https:\/\/inna.uhupi.com\/ru\/wp-json\/wp\/v2\/pages\/81","targetHints":{"allow":["GET"]}}],"collection":[{"href":"https:\/\/inna.uhupi.com\/ru\/wp-json\/wp\/v2\/pages"}],"about":[{"href":"https:\/\/inna.uhupi.com\/ru\/wp-json\/wp\/v2\/types\/page"}],"author":[{"embeddable":true,"href":"https:\/\/inna.uhupi.com\/ru\/wp-json\/wp\/v2\/users\/1"}],"replies":[{"embeddable":true,"href":"https:\/\/inna.uhupi.com\/ru\/wp-json\/wp\/v2\/comments?post=81"}],"version-history":[{"count":3,"href":"https:\/\/inna.uhupi.com\/ru\/wp-json\/wp\/v2\/pages\/81\/revisions"}],"predecessor-version":[{"id":92,"href":"https:\/\/inna.uhupi.com\/ru\/wp-json\/wp\/v2\/pages\/81\/revisions\/92"}],"wp:attachment":[{"href":"https:\/\/inna.uhupi.com\/ru\/wp-json\/wp\/v2\/media?parent=81"}],"curies":[{"name":"wp","href":"https:\/\/api.w.org\/{rel}","templated":true}]}}